{"id":1296,"date":"2024-03-22T15:30:23","date_gmt":"2024-03-22T14:30:23","guid":{"rendered":"https:\/\/szablon.nfhotel.usermd.net\/?page_id=1296"},"modified":"2024-04-08T12:33:28","modified_gmt":"2024-04-08T10:33:28","slug":"atrakcje-bialka-tatrzanska","status":"publish","type":"page","link":"https:\/\/bialkasparesort.com\/en\/atrakcje-bialka-tatrzanska\/","title":{"rendered":"Attractions"},"content":{"rendered":"","protected":false},"excerpt":{"rendered":"","protected":false},"author":3,"featured_media":1383,"parent":0,"menu_order":0,"comment_status":"closed","ping_status":"closed","template":"","meta":{"_acf_changed":false,"footnotes":""},"acf":[],"yoast_head":"<!-- This site is optimized with the Yoast SEO plugin v22.3 - https:\/\/yoast.com\/wordpress\/plugins\/seo\/ -->\n<title>Bia\u0142ka SPA &amp; Resort: Atrakcje w Bia\u0142ce Tatrza\u0144skiej<\/title>\n<meta name=\"description\" content=\"Zobacz jakie atrakcje w Bia\u0142ce Tatrza\u0144skiej. Zarezerwuj pobyt w Bia\u0142ka SPA &amp; Resort na naszej stronie z gwarancj\u0105 ceny.\" \/>\n<meta name=\"robots\" content=\"index, follow, max-snippet:-1, max-image-preview:large, max-video-preview:-1\" \/>\n<link rel=\"canonical\" href=\"https:\/\/bialkasparesort.com\/en\/atrakcje-bialka-tatrzanska\/\" \/>\n<meta property=\"og:locale\" content=\"en_GB\" \/>\n<meta property=\"og:type\" content=\"article\" \/>\n<meta property=\"og:title\" content=\"Zobacz atrakcje w Bia\u0142ce Tatrza\u0144skiej\" \/>\n<meta property=\"og:description\" content=\"Zobacz pe\u0142ne zestawienie atrakcji w niedalekiej odleg\u0142o\u015bci od naszego obiektu.\" \/>\n<meta property=\"og:url\" content=\"https:\/\/bialkasparesort.com\/en\/atrakcje-bialka-tatrzanska\/\" \/>\n<meta property=\"og:site_name\" content=\"Bia\u0142ka SPA &amp; Resort\" \/>\n<meta property=\"article:publisher\" content=\"https:\/\/www.facebook.com\/people\/Biaka-SPA-Resort\/61558490040550\/?_rdr\" \/>\n<meta property=\"article:modified_time\" content=\"2024-04-08T10:33:28+00:00\" \/>\n<meta property=\"og:image\" content=\"https:\/\/bialkasparesort.com\/wp-content\/uploads\/2024\/04\/360_F_475095713_phK31nupk8aEc68kC9Yhxgl792b38uXW.jpg\" \/>\n\t<meta property=\"og:image:width\" content=\"541\" \/>\n\t<meta property=\"og:image:height\" content=\"360\" \/>\n\t<meta property=\"og:image:type\" content=\"image\/jpeg\" \/>\n<meta name=\"twitter:card\" content=\"summary_large_image\" \/>\n<meta name=\"twitter:label1\" content=\"Estimated reading time\" \/>\n\t<meta name=\"twitter:data1\" content=\"11 minutes\" \/>\n<script type=\"application\/ld+json\" class=\"yoast-schema-graph\">{\"@context\":\"https:\/\/schema.org\",\"@graph\":[{\"@type\":\"WebPage\",\"@id\":\"https:\/\/bialkasparesort.com\/atrakcje-bialka-tatrzanska\/\",\"url\":\"https:\/\/bialkasparesort.com\/atrakcje-bialka-tatrzanska\/\",\"name\":\"Bia\u0142ka SPA & Resort: Atrakcje w Bia\u0142ce Tatrza\u0144skiej\",\"isPartOf\":{\"@id\":\"https:\/\/bialkasparesort.com\/#website\"},\"primaryImageOfPage\":{\"@id\":\"https:\/\/bialkasparesort.com\/atrakcje-bialka-tatrzanska\/#primaryimage\"},\"image\":{\"@id\":\"https:\/\/bialkasparesort.com\/atrakcje-bialka-tatrzanska\/#primaryimage\"},\"thumbnailUrl\":\"https:\/\/bialkasparesort.com\/wp-content\/uploads\/2024\/04\/Wodospad-Wielka-Siklawa-1.jpg\",\"datePublished\":\"2024-03-22T14:30:23+00:00\",\"dateModified\":\"2024-04-08T10:33:28+00:00\",\"description\":\"Zobacz jakie atrakcje w Bia\u0142ce Tatrza\u0144skiej. Zarezerwuj pobyt w Bia\u0142ka SPA & Resort na naszej stronie z gwarancj\u0105 ceny.\",\"breadcrumb\":{\"@id\":\"https:\/\/bialkasparesort.com\/atrakcje-bialka-tatrzanska\/#breadcrumb\"},\"inLanguage\":\"en-GB\",\"potentialAction\":[{\"@type\":\"ReadAction\",\"target\":[\"https:\/\/bialkasparesort.com\/atrakcje-bialka-tatrzanska\/\"]}]},{\"@type\":\"ImageObject\",\"inLanguage\":\"en-GB\",\"@id\":\"https:\/\/bialkasparesort.com\/atrakcje-bialka-tatrzanska\/#primaryimage\",\"url\":\"https:\/\/bialkasparesort.com\/wp-content\/uploads\/2024\/04\/Wodospad-Wielka-Siklawa-1.jpg\",\"contentUrl\":\"https:\/\/bialkasparesort.com\/wp-content\/uploads\/2024\/04\/Wodospad-Wielka-Siklawa-1.jpg\",\"width\":940,\"height\":788,\"caption\":\"Mi\u0119guszowiecka Prze\u0142\u0119cz pod Ch\u0142opkiem - Bialka Spa Resort - atrakcje w okolicy\"},{\"@type\":\"BreadcrumbList\",\"@id\":\"https:\/\/bialkasparesort.com\/atrakcje-bialka-tatrzanska\/#breadcrumb\",\"itemListElement\":[{\"@type\":\"ListItem\",\"position\":1,\"name\":\"Strona g\u0142\u00f3wna\",\"item\":\"https:\/\/bialkasparesort.com\/\"},{\"@type\":\"ListItem\",\"position\":2,\"name\":\"Atrakcje\"}]},{\"@type\":\"WebSite\",\"@id\":\"https:\/\/bialkasparesort.com\/#website\",\"url\":\"https:\/\/bialkasparesort.com\/\",\"name\":\"Bia\u0142ka SPA & Resort\",\"description\":\"Nowoczesne apartamenty w sercu Bia\u0142ki Tatrza\u0144skiej\",\"publisher\":{\"@id\":\"https:\/\/bialkasparesort.com\/#organization\"},\"potentialAction\":[{\"@type\":\"SearchAction\",\"target\":{\"@type\":\"EntryPoint\",\"urlTemplate\":\"https:\/\/bialkasparesort.com\/?s={search_term_string}\"},\"query-input\":\"required name=search_term_string\"}],\"inLanguage\":\"en-GB\"},{\"@type\":\"Organization\",\"@id\":\"https:\/\/bialkasparesort.com\/#organization\",\"name\":\"Bia\u0142ka SPA & Resort\",\"url\":\"https:\/\/bialkasparesort.com\/\",\"logo\":{\"@type\":\"ImageObject\",\"inLanguage\":\"en-GB\",\"@id\":\"https:\/\/bialkasparesort.com\/#\/schema\/logo\/image\/\",\"url\":\"https:\/\/bialkasparesort.com\/wp-content\/uploads\/2024\/04\/og-image-1200x630-1.jpg\",\"contentUrl\":\"https:\/\/bialkasparesort.com\/wp-content\/uploads\/2024\/04\/og-image-1200x630-1.jpg\",\"width\":1200,\"height\":630,\"caption\":\"Bia\u0142ka SPA & Resort\"},\"image\":{\"@id\":\"https:\/\/bialkasparesort.com\/#\/schema\/logo\/image\/\"},\"sameAs\":[\"https:\/\/www.facebook.com\/people\/Biaka-SPA-Resort\/61558490040550\/?_rdr\"]}]}<\/script>\n<!-- \/ Yoast SEO plugin. -->","yoast_head_json":{"title":"Bia\u0142ka SPA & Resort: Atrakcje w Bia\u0142ce Tatrza\u0144skiej","description":"Zobacz jakie atrakcje w Bia\u0142ce Tatrza\u0144skiej. Zarezerwuj pobyt w Bia\u0142ka SPA & Resort na naszej stronie z gwarancj\u0105 ceny.","robots":{"index":"index","follow":"follow","max-snippet":"max-snippet:-1","max-image-preview":"max-image-preview:large","max-video-preview":"max-video-preview:-1"},"canonical":"https:\/\/bialkasparesort.com\/en\/atrakcje-bialka-tatrzanska\/","og_locale":"en_GB","og_type":"article","og_title":"Zobacz atrakcje w Bia\u0142ce Tatrza\u0144skiej","og_description":"Zobacz pe\u0142ne zestawienie atrakcji w niedalekiej odleg\u0142o\u015bci od naszego obiektu.","og_url":"https:\/\/bialkasparesort.com\/en\/atrakcje-bialka-tatrzanska\/","og_site_name":"Bia\u0142ka SPA &amp; Resort","article_publisher":"https:\/\/www.facebook.com\/people\/Biaka-SPA-Resort\/61558490040550\/?_rdr","article_modified_time":"2024-04-08T10:33:28+00:00","og_image":[{"width":541,"height":360,"url":"https:\/\/bialkasparesort.com\/wp-content\/uploads\/2024\/04\/360_F_475095713_phK31nupk8aEc68kC9Yhxgl792b38uXW.jpg","type":"image\/jpeg"}],"twitter_card":"summary_large_image","twitter_misc":{"Estimated reading time":"11 minutes"},"schema":{"@context":"https:\/\/schema.org","@graph":[{"@type":"WebPage","@id":"https:\/\/bialkasparesort.com\/atrakcje-bialka-tatrzanska\/","url":"https:\/\/bialkasparesort.com\/atrakcje-bialka-tatrzanska\/","name":"Bia\u0142ka SPA & Resort: Atrakcje w Bia\u0142ce Tatrza\u0144skiej","isPartOf":{"@id":"https:\/\/bialkasparesort.com\/#website"},"primaryImageOfPage":{"@id":"https:\/\/bialkasparesort.com\/atrakcje-bialka-tatrzanska\/#primaryimage"},"image":{"@id":"https:\/\/bialkasparesort.com\/atrakcje-bialka-tatrzanska\/#primaryimage"},"thumbnailUrl":"https:\/\/bialkasparesort.com\/wp-content\/uploads\/2024\/04\/Wodospad-Wielka-Siklawa-1.jpg","datePublished":"2024-03-22T14:30:23+00:00","dateModified":"2024-04-08T10:33:28+00:00","description":"Zobacz jakie atrakcje w Bia\u0142ce Tatrza\u0144skiej. Zarezerwuj pobyt w Bia\u0142ka SPA & Resort na naszej stronie z gwarancj\u0105 ceny.","breadcrumb":{"@id":"https:\/\/bialkasparesort.com\/atrakcje-bialka-tatrzanska\/#breadcrumb"},"inLanguage":"en-GB","potentialAction":[{"@type":"ReadAction","target":["https:\/\/bialkasparesort.com\/atrakcje-bialka-tatrzanska\/"]}]},{"@type":"ImageObject","inLanguage":"en-GB","@id":"https:\/\/bialkasparesort.com\/atrakcje-bialka-tatrzanska\/#primaryimage","url":"https:\/\/bialkasparesort.com\/wp-content\/uploads\/2024\/04\/Wodospad-Wielka-Siklawa-1.jpg","contentUrl":"https:\/\/bialkasparesort.com\/wp-content\/uploads\/2024\/04\/Wodospad-Wielka-Siklawa-1.jpg","width":940,"height":788,"caption":"Mi\u0119guszowiecka Prze\u0142\u0119cz pod Ch\u0142opkiem - Bialka Spa Resort - atrakcje w okolicy"},{"@type":"BreadcrumbList","@id":"https:\/\/bialkasparesort.com\/atrakcje-bialka-tatrzanska\/#breadcrumb","itemListElement":[{"@type":"ListItem","position":1,"name":"Strona g\u0142\u00f3wna","item":"https:\/\/bialkasparesort.com\/"},{"@type":"ListItem","position":2,"name":"Atrakcje"}]},{"@type":"WebSite","@id":"https:\/\/bialkasparesort.com\/#website","url":"https:\/\/bialkasparesort.com\/","name":"Bia\u0142ka SPA & Resort","description":"Nowoczesne apartamenty w sercu Bia\u0142ki Tatrza\u0144skiej","publisher":{"@id":"https:\/\/bialkasparesort.com\/#organization"},"potentialAction":[{"@type":"SearchAction","target":{"@type":"EntryPoint","urlTemplate":"https:\/\/bialkasparesort.com\/?s={search_term_string}"},"query-input":"required name=search_term_string"}],"inLanguage":"en-GB"},{"@type":"Organization","@id":"https:\/\/bialkasparesort.com\/#organization","name":"Bia\u0142ka SPA & Resort","url":"https:\/\/bialkasparesort.com\/","logo":{"@type":"ImageObject","inLanguage":"en-GB","@id":"https:\/\/bialkasparesort.com\/#\/schema\/logo\/image\/","url":"https:\/\/bialkasparesort.com\/wp-content\/uploads\/2024\/04\/og-image-1200x630-1.jpg","contentUrl":"https:\/\/bialkasparesort.com\/wp-content\/uploads\/2024\/04\/og-image-1200x630-1.jpg","width":1200,"height":630,"caption":"Bia\u0142ka SPA & Resort"},"image":{"@id":"https:\/\/bialkasparesort.com\/#\/schema\/logo\/image\/"},"sameAs":["https:\/\/www.facebook.com\/people\/Biaka-SPA-Resort\/61558490040550\/?_rdr"]}]}},"_links":{"self":[{"href":"https:\/\/bialkasparesort.com\/en\/wp-json\/wp\/v2\/pages\/1296"}],"collection":[{"href":"https:\/\/bialkasparesort.com\/en\/wp-json\/wp\/v2\/pages"}],"about":[{"href":"https:\/\/bialkasparesort.com\/en\/wp-json\/wp\/v2\/types\/page"}],"author":[{"embeddable":true,"href":"https:\/\/bialkasparesort.com\/en\/wp-json\/wp\/v2\/users\/3"}],"replies":[{"embeddable":true,"href":"https:\/\/bialkasparesort.com\/en\/wp-json\/wp\/v2\/comments?post=1296"}],"version-history":[{"count":10,"href":"https:\/\/bialkasparesort.com\/en\/wp-json\/wp\/v2\/pages\/1296\/revisions"}],"predecessor-version":[{"id":1414,"href":"https:\/\/bialkasparesort.com\/en\/wp-json\/wp\/v2\/pages\/1296\/revisions\/1414"}],"wp:featuredmedia":[{"embeddable":true,"href":"https:\/\/bialkasparesort.com\/en\/wp-json\/wp\/v2\/media\/1383"}],"wp:attachment":[{"href":"https:\/\/bialkasparesort.com\/en\/wp-json\/wp\/v2\/media?parent=1296"}],"curies":[{"name":"wp","href":"https:\/\/api.w.org\/{rel}","templated":true}]}}