{"id":1456,"date":"2024-04-26T12:25:18","date_gmt":"2024-04-26T10:25:18","guid":{"rendered":"https:\/\/bialkasparesort.com\/?page_id=1456"},"modified":"2024-07-08T12:56:55","modified_gmt":"2024-07-08T10:56:55","slug":"3-apartament-balkon","status":"publish","type":"page","link":"https:\/\/bialkasparesort.com\/en\/3-apartament-balkon\/","title":{"rendered":"Three-person apartment with a balconY"},"content":{"rendered":"","protected":false},"excerpt":{"rendered":"","protected":false},"author":8,"featured_media":1454,"parent":0,"menu_order":0,"comment_status":"closed","ping_status":"closed","template":"","meta":{"_acf_changed":false,"footnotes":""},"acf":[],"yoast_head":"<!-- This site is optimized with the Yoast SEO plugin v22.3 - https:\/\/yoast.com\/wordpress\/plugins\/seo\/ -->\n<title>Apartamenty dla 5 os\u00f3b z basenem i widokiem na g\u00f3ry - Bia\u0142ka SPA &amp; Resort<\/title>\n<meta name=\"description\" content=\"Zobacz szczeg\u00f3\u0142y apartamentu dla 5 os\u00f3b w Bia\u0142ce Tatrza\u0144skiej. Nowoczesne apartamenty z basenem - Bia\u0142ka SPA &amp; Reort.\" \/>\n<meta name=\"robots\" content=\"index, follow, max-snippet:-1, max-image-preview:large, max-video-preview:-1\" \/>\n<link rel=\"canonical\" href=\"https:\/\/bialkasparesort.com\/en\/3-apartament-balkon\/\" \/>\n<meta property=\"og:locale\" content=\"en_GB\" \/>\n<meta property=\"og:type\" content=\"article\" \/>\n<meta property=\"og:title\" content=\"Apartamenty dla 5 os\u00f3b z basenem i widokiem na g\u00f3ry - Bia\u0142ka SPA &amp; Resort\" \/>\n<meta property=\"og:description\" content=\"Zobacz szczeg\u00f3\u0142y apartamentu dla 5 os\u00f3b w Bia\u0142ce Tatrza\u0144skiej. Nowoczesne apartamenty z basenem - Bia\u0142ka SPA &amp; Reort.\" \/>\n<meta property=\"og:url\" content=\"https:\/\/bialkasparesort.com\/en\/3-apartament-balkon\/\" \/>\n<meta property=\"og:site_name\" content=\"Bia\u0142ka SPA &amp; Resort\" \/>\n<meta property=\"article:publisher\" content=\"https:\/\/www.facebook.com\/people\/Biaka-SPA-Resort\/61558490040550\/?_rdr\" \/>\n<meta property=\"article:modified_time\" content=\"2024-07-08T10:56:55+00:00\" \/>\n<meta property=\"og:image\" content=\"https:\/\/bialkasparesort.com\/wp-content\/uploads\/2024\/04\/apartament-5osobowy-z-balkonem.png\" \/>\n\t<meta property=\"og:image:width\" content=\"940\" \/>\n\t<meta property=\"og:image:height\" content=\"788\" \/>\n\t<meta property=\"og:image:type\" content=\"image\/png\" \/>\n<meta name=\"twitter:card\" content=\"summary_large_image\" \/>\n<meta name=\"twitter:label1\" content=\"Estimated reading time\" \/>\n\t<meta name=\"twitter:data1\" content=\"4 minutes\" \/>\n<script type=\"application\/ld+json\" class=\"yoast-schema-graph\">{\"@context\":\"https:\/\/schema.org\",\"@graph\":[{\"@type\":\"WebPage\",\"@id\":\"https:\/\/bialkasparesort.com\/3-apartament-balkon\/\",\"url\":\"https:\/\/bialkasparesort.com\/3-apartament-balkon\/\",\"name\":\"Apartamenty dla 5 os\u00f3b z basenem i widokiem na g\u00f3ry - Bia\u0142ka SPA & Resort\",\"isPartOf\":{\"@id\":\"https:\/\/bialkasparesort.com\/#website\"},\"primaryImageOfPage\":{\"@id\":\"https:\/\/bialkasparesort.com\/3-apartament-balkon\/#primaryimage\"},\"image\":{\"@id\":\"https:\/\/bialkasparesort.com\/3-apartament-balkon\/#primaryimage\"},\"thumbnailUrl\":\"https:\/\/bialkasparesort.com\/wp-content\/uploads\/2024\/04\/apartament-5osobowy-z-balkonem.png\",\"datePublished\":\"2024-04-26T10:25:18+00:00\",\"dateModified\":\"2024-07-08T10:56:55+00:00\",\"description\":\"Zobacz szczeg\u00f3\u0142y apartamentu dla 5 os\u00f3b w Bia\u0142ce Tatrza\u0144skiej. Nowoczesne apartamenty z basenem - Bia\u0142ka SPA & Reort.\",\"breadcrumb\":{\"@id\":\"https:\/\/bialkasparesort.com\/3-apartament-balkon\/#breadcrumb\"},\"inLanguage\":\"en-GB\",\"potentialAction\":[{\"@type\":\"ReadAction\",\"target\":[\"https:\/\/bialkasparesort.com\/3-apartament-balkon\/\"]}]},{\"@type\":\"ImageObject\",\"inLanguage\":\"en-GB\",\"@id\":\"https:\/\/bialkasparesort.com\/3-apartament-balkon\/#primaryimage\",\"url\":\"https:\/\/bialkasparesort.com\/wp-content\/uploads\/2024\/04\/apartament-5osobowy-z-balkonem.png\",\"contentUrl\":\"https:\/\/bialkasparesort.com\/wp-content\/uploads\/2024\/04\/apartament-5osobowy-z-balkonem.png\",\"width\":940,\"height\":788},{\"@type\":\"BreadcrumbList\",\"@id\":\"https:\/\/bialkasparesort.com\/3-apartament-balkon\/#breadcrumb\",\"itemListElement\":[{\"@type\":\"ListItem\",\"position\":1,\"name\":\"Strona g\u0142\u00f3wna\",\"item\":\"https:\/\/bialkasparesort.com\/\"},{\"@type\":\"ListItem\",\"position\":2,\"name\":\"Apartament 3 osobowy z balkonem\"}]},{\"@type\":\"WebSite\",\"@id\":\"https:\/\/bialkasparesort.com\/#website\",\"url\":\"https:\/\/bialkasparesort.com\/\",\"name\":\"Bia\u0142ka SPA & Resort\",\"description\":\"Nowoczesne apartamenty w sercu Bia\u0142ki Tatrza\u0144skiej\",\"publisher\":{\"@id\":\"https:\/\/bialkasparesort.com\/#organization\"},\"potentialAction\":[{\"@type\":\"SearchAction\",\"target\":{\"@type\":\"EntryPoint\",\"urlTemplate\":\"https:\/\/bialkasparesort.com\/?s={search_term_string}\"},\"query-input\":\"required name=search_term_string\"}],\"inLanguage\":\"en-GB\"},{\"@type\":\"Organization\",\"@id\":\"https:\/\/bialkasparesort.com\/#organization\",\"name\":\"Bia\u0142ka SPA & Resort\",\"url\":\"https:\/\/bialkasparesort.com\/\",\"logo\":{\"@type\":\"ImageObject\",\"inLanguage\":\"en-GB\",\"@id\":\"https:\/\/bialkasparesort.com\/#\/schema\/logo\/image\/\",\"url\":\"https:\/\/bialkasparesort.com\/wp-content\/uploads\/2024\/04\/og-image-1200x630-1.jpg\",\"contentUrl\":\"https:\/\/bialkasparesort.com\/wp-content\/uploads\/2024\/04\/og-image-1200x630-1.jpg\",\"width\":1200,\"height\":630,\"caption\":\"Bia\u0142ka SPA & Resort\"},\"image\":{\"@id\":\"https:\/\/bialkasparesort.com\/#\/schema\/logo\/image\/\"},\"sameAs\":[\"https:\/\/www.facebook.com\/people\/Biaka-SPA-Resort\/61558490040550\/?_rdr\"]}]}<\/script>\n<!-- \/ Yoast SEO plugin. -->","yoast_head_json":{"title":"Apartamenty dla 5 os\u00f3b z basenem i widokiem na g\u00f3ry - Bia\u0142ka SPA & Resort","description":"Zobacz szczeg\u00f3\u0142y apartamentu dla 5 os\u00f3b w Bia\u0142ce Tatrza\u0144skiej. Nowoczesne apartamenty z basenem - Bia\u0142ka SPA & Reort.","robots":{"index":"index","follow":"follow","max-snippet":"max-snippet:-1","max-image-preview":"max-image-preview:large","max-video-preview":"max-video-preview:-1"},"canonical":"https:\/\/bialkasparesort.com\/en\/3-apartament-balkon\/","og_locale":"en_GB","og_type":"article","og_title":"Apartamenty dla 5 os\u00f3b z basenem i widokiem na g\u00f3ry - Bia\u0142ka SPA & Resort","og_description":"Zobacz szczeg\u00f3\u0142y apartamentu dla 5 os\u00f3b w Bia\u0142ce Tatrza\u0144skiej. Nowoczesne apartamenty z basenem - Bia\u0142ka SPA & Reort.","og_url":"https:\/\/bialkasparesort.com\/en\/3-apartament-balkon\/","og_site_name":"Bia\u0142ka SPA &amp; Resort","article_publisher":"https:\/\/www.facebook.com\/people\/Biaka-SPA-Resort\/61558490040550\/?_rdr","article_modified_time":"2024-07-08T10:56:55+00:00","og_image":[{"width":940,"height":788,"url":"https:\/\/bialkasparesort.com\/wp-content\/uploads\/2024\/04\/apartament-5osobowy-z-balkonem.png","type":"image\/png"}],"twitter_card":"summary_large_image","twitter_misc":{"Estimated reading time":"4 minutes"},"schema":{"@context":"https:\/\/schema.org","@graph":[{"@type":"WebPage","@id":"https:\/\/bialkasparesort.com\/3-apartament-balkon\/","url":"https:\/\/bialkasparesort.com\/3-apartament-balkon\/","name":"Apartamenty dla 5 os\u00f3b z basenem i widokiem na g\u00f3ry - Bia\u0142ka SPA & Resort","isPartOf":{"@id":"https:\/\/bialkasparesort.com\/#website"},"primaryImageOfPage":{"@id":"https:\/\/bialkasparesort.com\/3-apartament-balkon\/#primaryimage"},"image":{"@id":"https:\/\/bialkasparesort.com\/3-apartament-balkon\/#primaryimage"},"thumbnailUrl":"https:\/\/bialkasparesort.com\/wp-content\/uploads\/2024\/04\/apartament-5osobowy-z-balkonem.png","datePublished":"2024-04-26T10:25:18+00:00","dateModified":"2024-07-08T10:56:55+00:00","description":"Zobacz szczeg\u00f3\u0142y apartamentu dla 5 os\u00f3b w Bia\u0142ce Tatrza\u0144skiej. Nowoczesne apartamenty z basenem - Bia\u0142ka SPA & Reort.","breadcrumb":{"@id":"https:\/\/bialkasparesort.com\/3-apartament-balkon\/#breadcrumb"},"inLanguage":"en-GB","potentialAction":[{"@type":"ReadAction","target":["https:\/\/bialkasparesort.com\/3-apartament-balkon\/"]}]},{"@type":"ImageObject","inLanguage":"en-GB","@id":"https:\/\/bialkasparesort.com\/3-apartament-balkon\/#primaryimage","url":"https:\/\/bialkasparesort.com\/wp-content\/uploads\/2024\/04\/apartament-5osobowy-z-balkonem.png","contentUrl":"https:\/\/bialkasparesort.com\/wp-content\/uploads\/2024\/04\/apartament-5osobowy-z-balkonem.png","width":940,"height":788},{"@type":"BreadcrumbList","@id":"https:\/\/bialkasparesort.com\/3-apartament-balkon\/#breadcrumb","itemListElement":[{"@type":"ListItem","position":1,"name":"Strona g\u0142\u00f3wna","item":"https:\/\/bialkasparesort.com\/"},{"@type":"ListItem","position":2,"name":"Apartament 3 osobowy z balkonem"}]},{"@type":"WebSite","@id":"https:\/\/bialkasparesort.com\/#website","url":"https:\/\/bialkasparesort.com\/","name":"Bia\u0142ka SPA & Resort","description":"Nowoczesne apartamenty w sercu Bia\u0142ki Tatrza\u0144skiej","publisher":{"@id":"https:\/\/bialkasparesort.com\/#organization"},"potentialAction":[{"@type":"SearchAction","target":{"@type":"EntryPoint","urlTemplate":"https:\/\/bialkasparesort.com\/?s={search_term_string}"},"query-input":"required name=search_term_string"}],"inLanguage":"en-GB"},{"@type":"Organization","@id":"https:\/\/bialkasparesort.com\/#organization","name":"Bia\u0142ka SPA & Resort","url":"https:\/\/bialkasparesort.com\/","logo":{"@type":"ImageObject","inLanguage":"en-GB","@id":"https:\/\/bialkasparesort.com\/#\/schema\/logo\/image\/","url":"https:\/\/bialkasparesort.com\/wp-content\/uploads\/2024\/04\/og-image-1200x630-1.jpg","contentUrl":"https:\/\/bialkasparesort.com\/wp-content\/uploads\/2024\/04\/og-image-1200x630-1.jpg","width":1200,"height":630,"caption":"Bia\u0142ka SPA & Resort"},"image":{"@id":"https:\/\/bialkasparesort.com\/#\/schema\/logo\/image\/"},"sameAs":["https:\/\/www.facebook.com\/people\/Biaka-SPA-Resort\/61558490040550\/?_rdr"]}]}},"_links":{"self":[{"href":"https:\/\/bialkasparesort.com\/en\/wp-json\/wp\/v2\/pages\/1456"}],"collection":[{"href":"https:\/\/bialkasparesort.com\/en\/wp-json\/wp\/v2\/pages"}],"about":[{"href":"https:\/\/bialkasparesort.com\/en\/wp-json\/wp\/v2\/types\/page"}],"author":[{"embeddable":true,"href":"https:\/\/bialkasparesort.com\/en\/wp-json\/wp\/v2\/users\/8"}],"replies":[{"embeddable":true,"href":"https:\/\/bialkasparesort.com\/en\/wp-json\/wp\/v2\/comments?post=1456"}],"version-history":[{"count":3,"href":"https:\/\/bialkasparesort.com\/en\/wp-json\/wp\/v2\/pages\/1456\/revisions"}],"predecessor-version":[{"id":1608,"href":"https:\/\/bialkasparesort.com\/en\/wp-json\/wp\/v2\/pages\/1456\/revisions\/1608"}],"wp:featuredmedia":[{"embeddable":true,"href":"https:\/\/bialkasparesort.com\/en\/wp-json\/wp\/v2\/media\/1454"}],"wp:attachment":[{"href":"https:\/\/bialkasparesort.com\/en\/wp-json\/wp\/v2\/media?parent=1456"}],"curies":[{"name":"wp","href":"https:\/\/api.w.org\/{rel}","templated":true}]}}